{"id":1248,"date":"2025-01-26T15:56:44","date_gmt":"2025-01-26T15:56:44","guid":{"rendered":"https:\/\/www.emescom.pl\/site\/?page_id=1248"},"modified":"2025-03-09T12:40:56","modified_gmt":"2025-03-09T12:40:56","slug":"ue","status":"publish","type":"page","link":"https:\/\/www.emescom.pl\/site\/?page_id=1248","title":{"rendered":"UE"},"content":{"rendered":"\n<p><\/p>\n\n\n\n<div class=\"wp-block-group is-nowrap is-layout-flex wp-container-core-group-is-layout-3 wp-block-group-is-layout-flex\">\n<figure class=\"wp-block-image size-full is-resized\"><img loading=\"lazy\" decoding=\"async\" width=\"40\" height=\"40\" src=\"https:\/\/www.emescom.pl\/site\/wp-content\/uploads\/2025\/01\/punkt.png\" alt=\"\" class=\"wp-image-983\" style=\"width:20px;height:auto\"\/><\/figure>\n\n\n\n<p><strong><strong>\u201eWdro\u017cenie na rynek nowego produktu opracowanego w ramach w\u0142asnych prac B+R\u201d<\/strong><\/strong><\/p>\n\n\n\n<div class=\"wp-block-group is-nowrap is-layout-flex wp-container-core-group-is-layout-2 wp-block-group-is-layout-flex\">\n<div class=\"wp-block-group is-nowrap is-layout-flex wp-container-core-group-is-layout-1 wp-block-group-is-layout-flex\"><\/div>\n<\/div>\n<\/div>\n\n\n\n<figure class=\"wp-block-image size-large\"><img loading=\"lazy\" decoding=\"async\" width=\"1024\" height=\"43\" src=\"https:\/\/www.emescom.pl\/site\/wp-content\/uploads\/2025\/01\/Pracownia-modelowania-i-prototypowania-1-1024x43.png\" alt=\"\" class=\"wp-image-976\" srcset=\"https:\/\/www.emescom.pl\/site\/wp-content\/uploads\/2025\/01\/Pracownia-modelowania-i-prototypowania-1-1024x43.png 1024w, https:\/\/www.emescom.pl\/site\/wp-content\/uploads\/2025\/01\/Pracownia-modelowania-i-prototypowania-1-300x13.png 300w, https:\/\/www.emescom.pl\/site\/wp-content\/uploads\/2025\/01\/Pracownia-modelowania-i-prototypowania-1-768x32.png 768w, https:\/\/www.emescom.pl\/site\/wp-content\/uploads\/2025\/01\/Pracownia-modelowania-i-prototypowania-1-600x25.png 600w, https:\/\/www.emescom.pl\/site\/wp-content\/uploads\/2025\/01\/Pracownia-modelowania-i-prototypowania-1.png 1200w\" sizes=\"auto, (max-width: 1024px) 100vw, 1024px\" \/><\/figure>\n\n\n\n<div class=\"wp-block-group is-nowrap is-layout-flex wp-container-core-group-is-layout-4 wp-block-group-is-layout-flex\">\n<figure class=\"wp-block-image size-full\"><img loading=\"lazy\" decoding=\"async\" width=\"815\" height=\"87\" src=\"https:\/\/www.emescom.pl\/site\/wp-content\/uploads\/2025\/01\/UElogotypy.jpg\" alt=\"\" class=\"wp-image-1257\" srcset=\"https:\/\/www.emescom.pl\/site\/wp-content\/uploads\/2025\/01\/UElogotypy.jpg 815w, https:\/\/www.emescom.pl\/site\/wp-content\/uploads\/2025\/01\/UElogotypy-300x32.jpg 300w, https:\/\/www.emescom.pl\/site\/wp-content\/uploads\/2025\/01\/UElogotypy-768x82.jpg 768w, https:\/\/www.emescom.pl\/site\/wp-content\/uploads\/2025\/01\/UElogotypy-600x64.jpg 600w\" sizes=\"auto, (max-width: 815px) 100vw, 815px\" \/><\/figure>\n\n\n\n<figure class=\"wp-block-image size-full\"><img loading=\"lazy\" decoding=\"async\" width=\"688\" height=\"224\" src=\"https:\/\/www.emescom.pl\/site\/wp-content\/uploads\/2025\/01\/UEflaga.jpg\" alt=\"\" class=\"wp-image-1258\" srcset=\"https:\/\/www.emescom.pl\/site\/wp-content\/uploads\/2025\/01\/UEflaga.jpg 688w, https:\/\/www.emescom.pl\/site\/wp-content\/uploads\/2025\/01\/UEflaga-300x98.jpg 300w, https:\/\/www.emescom.pl\/site\/wp-content\/uploads\/2025\/01\/UEflaga-600x195.jpg 600w\" sizes=\"auto, (max-width: 688px) 100vw, 688px\" \/><\/figure>\n<\/div>\n\n\n\n<p>&nbsp;<strong>\u201eWdro\u017cenie na rynek nowego produktu opracowanego w ramach w\u0142asnych prac B+R\u201d<\/strong><\/p>\n\n\n\n<p>w ramach konkursu numer RPLD.02.03.01.-IP.02-10-080\/22 og\u0142oszonego w ramach regionalnego programu operacyjnego wojew\u00f3dztwa \u0142\u00f3dzkiego na lata 2014-2020<\/p>\n\n\n\n<p>O\u015a PRIORYTETOWA II: INNOWACYJNA I KONKURENCYJNA GOSPODARKA<\/p>\n\n\n\n<p>DZIA\u0141ANIE II.3: ZWI\u0118KSZENIE KONKURENCYJNO\u015aCI M\u015aP<\/p>\n\n\n\n<p>PODDZIA\u0141ANIE II.3.1: INNOWACJE W M\u015aP<\/p>\n\n\n\n<div class=\"wp-block-media-text is-stacked-on-mobile is-vertically-aligned-top\"><figure class=\"wp-block-media-text__media\"><img loading=\"lazy\" decoding=\"async\" width=\"1024\" height=\"768\" src=\"https:\/\/www.emescom.pl\/site\/wp-content\/uploads\/2024\/12\/fruitBot.jpg\" alt=\"\" class=\"wp-image-35 size-full\" srcset=\"https:\/\/www.emescom.pl\/site\/wp-content\/uploads\/2024\/12\/fruitBot.jpg 1024w, https:\/\/www.emescom.pl\/site\/wp-content\/uploads\/2024\/12\/fruitBot-600x450.jpg 600w, https:\/\/www.emescom.pl\/site\/wp-content\/uploads\/2024\/12\/fruitBot-300x225.jpg 300w, https:\/\/www.emescom.pl\/site\/wp-content\/uploads\/2024\/12\/fruitBot-768x576.jpg 768w\" sizes=\"auto, (max-width: 1024px) 100vw, 1024px\" \/><\/figure><div class=\"wp-block-media-text__content\">\n<p>Cel projektu:<\/p>\n\n\n\n<p>Celem projektu jest zwi\u0119kszenie konkurencyjno\u015bci Firmy na rynku krajowym, dzi\u0119ki zaproponowaniu rozwi\u0105zania, kt\u00f3rego obecnie w Polsce nie oferuje \u017caden inny podmiot. W wyniku projektu Wnioskodawca planuje wdro\u017cy\u0107 autorskie rozwi\u0105zanie, kt\u00f3re zosta\u0142o opracowane w samodzielnie przez podmiot. Projekt zak\u0142ada realizacj\u0119 dw\u00f3ch zada\u0144: zakup \u015brodk\u00f3w trwa\u0142ych oraz zakup oprogramowania. Lokalizacji projektu to woj. \u0141\u00f3dzkie. Opr\u00f3cz innowacyjno\u015bci produktowej projekt zak\u0142ada zastosowanie technologii&nbsp;informacyjno&nbsp;&#8211; komunikacyjnych (TIK) oraz uwzgl\u0119dnia aspekty \u015brodowiskowe. Inwestycje realizowana jest przez mikroprzedsi\u0119biorstwo, i zlokalizowana jest na terenie wiejskim. Rezultat projektu pozwoli na wdro\u017cenie na rynek automatyzacji procesu pakowania oraz rozwi\u0105\u017ce szereg problem\u00f3w m.in. problem\u00f3w zwi\u0105zanych ze znalezieniem pracownik\u00f3w na rynku pracy do pakowania.<\/p>\n\n\n\n<p>Ca\u0142kowite wydatki na realizacj\u0119 projektu:<\/p>\n\n\n\n<p>Wydatki og\u00f3\u0142em:&nbsp;<strong>782 864,64 PLN<\/strong><\/p>\n\n\n\n<p>Wydatki kwalifikowalne:&nbsp;<strong>636 475,32 PLN<\/strong><\/p>\n\n\n\n<p>Dofinansowanie:&nbsp;<strong>541 004,02 PLN<\/strong><\/p>\n<\/div><\/div>\n\n\n\n<p>07 grudnia 2023&nbsp;\u2013 mi\u0142o Nam poinformowa\u0107, \u017ce rozpocz\u0119li\u015bmy komercjalizacj\u0119 nowego produktu, kt\u00f3ry jest wynikiem zrealizowanych uprzednio w\u0142asnych prac badawczo-rozwojowych. Firma na wdro\u017cenie prac B+R otrzyma\u0142a dofinansowanie w ramach umowy: RPLD.02.03.01-10-0026\/23-00 tytu\u0142 projektu: \u201eWdro\u017cenie na rynek nowego produktu opracowanego w ramach w\u0142asnych prac B+R\u201d.&nbsp;<\/p>\n\n\n\n<p>Nazwa produktu: Automat pakuj\u0105cy&nbsp;Fruit&nbsp;BOT QA3&nbsp;Expert&nbsp;Produkt jest znacz\u0105co ulepszonym produktem, w por\u00f3wnaniu do produkt\u00f3w konkurencji i b\u0119dzie wyr\u00f3\u017cnia\u0142 si\u0119 poni\u017cszymi cechami.<\/p>\n\n\n\n<details class=\"wp-block-details is-layout-flow wp-block-details-is-layout-flow\"><summary><strong>Niezale\u017cno\u015b\u0107 <\/strong><\/summary>\n<p><strong><em>Rozwi\u0105zanie b\u0119d\u0105ce rezultatem projektu:<\/em><\/strong> Maszyna\u00a0 jest niezale\u017cnym urz\u0105dzeniem zapewniaj\u0105cym automatyczne podawanie opakowa\u0144, dozowanie, filtr kontroli masy,\u00a0 buforowanie opakowa\u0144 oraz transport, GUI.\u00a0<\/p>\n<\/details>\n\n\n\n<details class=\"wp-block-details is-layout-flow wp-block-details-is-layout-flow\"><summary><strong><strong>Transport&nbsp;i dozowanie &#8211; Rodzaj transportu w procesie dozowania<\/strong><\/strong><\/summary>\n<p><strong><em>Rozwi\u0105zanie b\u0119d\u0105ce rezultatem projektu:<\/em><\/strong> grawitacyjny, wibracyjny dynamiczny&nbsp;<\/p>\n<\/details>\n\n\n\n<details class=\"wp-block-details is-layout-flow wp-block-details-is-layout-flow\"><summary><strong><strong><strong>Wydajno\u015b\u0107 a gabaryty maszyny &#8211; Zale\u017cno\u015b\u0107 wydajno\u015bci od ilo\u015bci kana\u0142\u00f3w oraz&nbsp;gabaryt\u00f3w maszyny <\/strong><\/strong><\/strong><\/summary>\n<p><strong><em>Rozwi\u0105zanie b\u0119d\u0105ce rezultatem projektu:<\/em><\/strong> Zale\u017cno\u015b\u0107 wydajno\u015bci od gabaryt\u00f3w maszyny zredukowano prawie o 50% . Kana\u0142 z dwoma szalkami powoduje, \u017ce zredukowano wymiary maszyny o 50% w stosunku do maszyn o tej samej wydajno\u015bci. Ka\u017cdy kana\u0142 jednocze\u015bnie dozuje i wysypuje poprzedni\u0105 porcj\u0119, a dodatkowo czas przejazdu transportera w pojedynczym cyklu zosta\u0142 skr\u00f3cony o oko\u0142o 50%. Zastosowanie komputera przemys\u0142owego IPC i autorskiego oprogramowania pozwoli\u0142o na mo\u017cliwo\u015b\u0107 \u0142\u0105czenia maszyn w wydajne klastry tam gdzie potrzebne s\u0105 du\u017ce wydajno\u015bci, a gabaryty rozwi\u0105zania nie maj\u0105 znaczenia. Takie podej\u015bcie Pozwala na elastyczne dostosowanie\u00a0 procesu pakowania do np. rosn\u0105cego zapotrzebowania na wydajno\u015b\u0107 bez konieczno\u015bci zmiany ca\u0142ej linii pakuj\u0105cej na bardziej wydajn\u0105.\u00a0<\/p>\n<\/details>\n\n\n\n<details class=\"wp-block-details is-layout-flow wp-block-details-is-layout-flow\"><summary><strong><strong><strong><strong>Rodzaj dozowania &#8211; Zastosowany rodzaj dozowania <\/strong> <\/strong><\/strong><\/strong><\/summary>\n<p><strong><em>Rozwi\u0105zanie b\u0119d\u0105ce rezultatem projektu:<\/em><\/strong> Autorski, inteligentny, parametryczny system dozowania oparty o wibracyjne podajniki liniowe, pozwala na dostosowanie algorytmu dozowania do jako\u015bci oraz gradacji owoc\u00f3w. Dynamicznie dostosowuje si\u0119 do wielko\u015bci porcji oraz gradacji owoc\u00f3w, a w po\u0142\u0105czeniu z dwuszalkowym kana\u0142em kompensuje cz\u0119\u015bciowo zjawisko spadku wydajno\u015bci przy ma\u0142ych porcjach realizuj\u0105c 2 zadania jednocze\u015bnie w tym samym cyklu (dozowania oraz wysypywania poprzedniej porcji). Takie\u00a0 rozwi\u0105zanie dozowania, pozwoli\u0142o na dostosowywanie dynamiki dozowania kana\u0142u\u00a0 do dynamiki przyrostu masy w czasie rzeczywistym co z jednej strony pozwala na du\u017c\u0105 dok\u0142adno\u015b\u0107 przy du\u017cej wydajno\u015bci, a z drugiej pozwala na kompensacje niepo\u017c\u0105danych zjawisk spowodowanych s\u0142abn\u0105c\u0105 w sezonie kondycj\u0105 owoc\u00f3w. Wszystkie parametry zapisane s\u0105 w programach pakowania kt\u00f3re wystarczy wczyta\u0107 i w razie potrzeby skorygowa\u0107.\u00a0\u00a0<\/p>\n<\/details>\n\n\n\n<details class=\"wp-block-details is-layout-flow wp-block-details-is-layout-flow\"><summary><strong><strong><strong><strong><strong>Weryfikacja porcji (filtr masy) &#8211; Zastosowany rodzaj dozowania <\/strong> <\/strong> <\/strong><\/strong><\/strong><\/summary>\n<p><em><strong>Rozwi\u0105zanie b\u0119d\u0105ce rezultatem projektu:<\/strong> <\/em>Zintegrowany system kontroli masy. Pozwala nie tylko na sprawdzanie czy porcja mie\u015bci si\u0119 w za\u0142o\u017conych limitach progowych, ale r\u00f3wnie\u017c na manualn\u0105 korekt\u0119 masy przez operatora. Rozwi\u0105zanie skraca proces pakowania i utrzymuje owoce w dobrej kondycji ( brak dyskryminacji ca\u0142ych opakowa\u0144 skraca czas pakowania ca\u0142ej partii, a jednocze\u015bnie te same owoce nie trafiaj\u0105 wielokrotnie do zbiornika zasypowego, zachowuj\u0105c nalot woskowy i og\u00f3ln\u0105 kondycj\u0119).<\/p>\n<\/details>\n\n\n\n<details class=\"wp-block-details is-layout-flow wp-block-details-is-layout-flow\"><summary><strong><strong><strong><strong><strong><strong>Obs\u0142ugiwane opakowania<\/strong> <\/strong> <\/strong> <\/strong><\/strong><\/strong><\/summary>\n<p><strong><em>Rozwi\u0105zanie b\u0119d\u0105ce rezultatem projektu:<\/em><\/strong> Obs\u0142uguje wszystkie dost\u0119pne na rynku opakowania przeznaczone do przechowywania owoc\u00f3w bor\u00f3wki o wymiarach nie przekraczaj\u0105cych : d\u0142ugo\u015b\u0107 220mm, szeroko\u015b\u0107 120mm, wysoko\u015b\u0107 140mm. Obs\u0142uguje pojemniki z tworzyw sztucznych z podawaniem automatycznym, wiaderek 500g oraz 300g oraz pojemnik\u00f3w ekologicznych z pulpy papierowej 125g, 250g, 400g, 500g. Pozwala na definicj\u0119 w\u0142asnych opakowa\u0144 o niestandardowych wymiarach.&nbsp;<\/p>\n<\/details>\n\n\n\n<details class=\"wp-block-details is-layout-flow wp-block-details-is-layout-flow\"><summary><strong><strong><strong><strong><strong><strong><strong>\u0141atwo\u015b\u0107 obs\u0142ugi<\/strong><\/strong> <\/strong> <\/strong> <\/strong><\/strong><\/strong><\/summary>\n<p><strong><em>Rozwi\u0105zanie b\u0119d\u0105ce rezultatem projektu:<\/em><\/strong> System oparty o standard PackML definiuj\u0105cy stany w jakich mo\u017ce si\u0119 znale\u017a\u0107 maszyna. Graficzny przyjazny i dotykowy GUI z pe\u0142n\u0105 wizualizacj\u0105 procesu, opis\u00f3w i komunikat\u00f3w dla u\u017cytkownika. Kreatory pozwalaj\u0105 na przestrojenie maszyny do pakowania w inny rodzaj opakowania w 2 \u2013 3 minut, wskazuj\u0105c graficznie kt\u00f3ry element maszyny operator powinien przestawi\u0107 aby zachowa\u0107 wymiarow\u0105 kompatybilno\u015b\u0107 z wybranym przez niego opakowaniem. Pozwala to na obs\u0142ug\u0119 automatu przez niewykwalifikowany personel ale r\u00f3wnie\u017c na sp\u00f3jny j\u0119zyk wymiany informacji z serwisem co oszcz\u0119dza czas i pieni\u0105dze.\u00a0<\/p>\n<\/details>\n\n\n\n<p><\/p>\n\n\n\n<p><\/p>\n\n\n\n<p><\/p>\n\n\n\n<p><\/p>\n\n\n\n<p><\/p>\n","protected":false},"excerpt":{"rendered":"<p>\u201eWdro\u017cenie na rynek nowego produktu opracowanego w ramach w\u0142asnych prac B+R\u201d &nbsp;\u201eWdro\u017cenie na rynek nowego produktu opracowanego w ramach w\u0142asnych prac B+R\u201d w ramach konkursu numer RPLD.02.03.01.-IP.02-10-080\/22 og\u0142oszonego w ramach regionalnego programu operacyjnego wojew\u00f3dztwa \u0142\u00f3dzkiego na lata 2014-2020 O\u015a PRIORYTETOWA II: INNOWACYJNA I KONKURENCYJNA GOSPODARKA DZIA\u0141ANIE II.3: ZWI\u0118KSZENIE KONKURENCYJNO\u015aCI M\u015aP PODDZIA\u0141ANIE II.3.1: INNOWACJE W M\u015aP &#8230; <a title=\"UE\" class=\"read-more\" href=\"https:\/\/www.emescom.pl\/site\/?page_id=1248\" aria-label=\"Dowiedz si\u0119 wi\u0119cej o UE\">Dowiedz si\u0119 wi\u0119cej<\/a><\/p>\n","protected":false},"author":1,"featured_media":0,"parent":0,"menu_order":0,"comment_status":"closed","ping_status":"closed","template":"","meta":{"_monsterinsights_skip_tracking":false,"_monsterinsights_sitenote_active":false,"_monsterinsights_sitenote_note":"","_monsterinsights_sitenote_category":0,"_uf_show_specific_survey":0,"_uf_disable_surveys":false,"footnotes":""},"class_list":["post-1248","page","type-page","status-publish"],"aioseo_notices":[],"_links":{"self":[{"href":"https:\/\/www.emescom.pl\/site\/index.php?rest_route=\/wp\/v2\/pages\/1248","targetHints":{"allow":["GET"]}}],"collection":[{"href":"https:\/\/www.emescom.pl\/site\/index.php?rest_route=\/wp\/v2\/pages"}],"about":[{"href":"https:\/\/www.emescom.pl\/site\/index.php?rest_route=\/wp\/v2\/types\/page"}],"author":[{"embeddable":true,"href":"https:\/\/www.emescom.pl\/site\/index.php?rest_route=\/wp\/v2\/users\/1"}],"replies":[{"embeddable":true,"href":"https:\/\/www.emescom.pl\/site\/index.php?rest_route=%2Fwp%2Fv2%2Fcomments&post=1248"}],"version-history":[{"count":32,"href":"https:\/\/www.emescom.pl\/site\/index.php?rest_route=\/wp\/v2\/pages\/1248\/revisions"}],"predecessor-version":[{"id":1654,"href":"https:\/\/www.emescom.pl\/site\/index.php?rest_route=\/wp\/v2\/pages\/1248\/revisions\/1654"}],"wp:attachment":[{"href":"https:\/\/www.emescom.pl\/site\/index.php?rest_route=%2Fwp%2Fv2%2Fmedia&parent=1248"}],"curies":[{"name":"wp","href":"https:\/\/api.w.org\/{rel}","templated":true}]}}