{"id":59,"date":"2024-12-08T13:29:45","date_gmt":"2024-12-08T13:29:45","guid":{"rendered":"https:\/\/www.emescom.pl\/site\/?page_id=59"},"modified":"2025-03-08T16:44:42","modified_gmt":"2025-03-08T16:44:42","slug":"o-nas","status":"publish","type":"page","link":"https:\/\/www.emescom.pl\/site\/?page_id=59","title":{"rendered":"O nas"},"content":{"rendered":"\n<p><\/p>\n\n\n\n<div class=\"wp-block-group is-nowrap is-layout-flex wp-container-core-group-is-layout-2 wp-block-group-is-layout-flex\">\n<figure class=\"wp-block-image size-full is-resized\"><img loading=\"lazy\" decoding=\"async\" width=\"40\" height=\"40\" src=\"https:\/\/www.emescom.pl\/site\/wp-content\/uploads\/2025\/01\/punkt.png\" alt=\"\" class=\"wp-image-983\" style=\"width:20px\"\/><\/figure>\n\n\n\n<p><strong>O nas<\/strong><\/p>\n\n\n\n<div class=\"wp-block-group is-nowrap is-layout-flex wp-container-core-group-is-layout-1 wp-block-group-is-layout-flex\"><\/div>\n<\/div>\n\n\n\n<figure class=\"wp-block-image size-large\"><img loading=\"lazy\" decoding=\"async\" width=\"1024\" height=\"43\" src=\"https:\/\/www.emescom.pl\/site\/wp-content\/uploads\/2025\/01\/Pracownia-modelowania-i-prototypowania-1-1024x43.png\" alt=\"\" class=\"wp-image-976\" srcset=\"https:\/\/www.emescom.pl\/site\/wp-content\/uploads\/2025\/01\/Pracownia-modelowania-i-prototypowania-1-1024x43.png 1024w, https:\/\/www.emescom.pl\/site\/wp-content\/uploads\/2025\/01\/Pracownia-modelowania-i-prototypowania-1-300x13.png 300w, https:\/\/www.emescom.pl\/site\/wp-content\/uploads\/2025\/01\/Pracownia-modelowania-i-prototypowania-1-768x32.png 768w, https:\/\/www.emescom.pl\/site\/wp-content\/uploads\/2025\/01\/Pracownia-modelowania-i-prototypowania-1-600x25.png 600w, https:\/\/www.emescom.pl\/site\/wp-content\/uploads\/2025\/01\/Pracownia-modelowania-i-prototypowania-1.png 1200w\" sizes=\"auto, (max-width: 1024px) 100vw, 1024px\" \/><\/figure>\n\n\n\n<p><\/p>\n\n\n\n<div class=\"wp-block-columns is-layout-flex wp-container-core-columns-is-layout-1 wp-block-columns-is-layout-flex\">\n<div class=\"wp-block-column is-layout-flow wp-block-column-is-layout-flow\">\n<p><strong>Emescom<\/strong> to firma z ponad 20-letnim do\u015bwiadczeniem, kt\u00f3ra od pocz\u0105tku swojej dzia\u0142alno\u015bci specjalizuje si\u0119 w dostarczaniu nowoczesnych us\u0142ug oraz produkt\u00f3w. Pocz\u0105tkowo us\u0142ugi dotyczy\u0142y g\u0142ownie implementacji infrastruktury teleinformatycznej i telekomunikacyjnej dla operator\u00f3w telefonii kom\u00f3rkowej (budowa sieci PDH, budowa stacji bazowych) oraz us\u0142ug programistycznych i serwisowych. W p\u00f3\u017aniejszym okresie utworzyli\u015bmy w\u0142asn\u0105 pracowni\u0119 projektowania i prototypowania oraz zbudowali\u015bmy w\u0142asny park maszynowy. Pozwoli\u0142o nam to na rozpocz\u0119cie prac B+R w zakresie w\u0142asnych rozwi\u0105za\u0144 technologicznych.<\/p>\n\n\n\n<p><\/p>\n\n\n\n<p>Od 2004r. zrealizowali\u015bmy wiele projekt\u00f3w, kt\u00f3re zdoby\u0142y uznanie w\u015br\u00f3d naszych klient\u00f3w z r\u00f3\u017cnych bran\u017c, zar\u00f3wno w Polsce, jak i w krajach Unii Europejskiej, a nasze us\u0142ugi znalaz\u0142y zastosowanie nie tylko w wielu dynamicznie rozwijaj\u0105cych si\u0119 sektorach, takich jak elektronika, telekomunikacja, automatyka przemys\u0142owa czy budowa maszyn i urz\u0105dze\u0144 ale r\u00f3wnie\u017c w przemy\u015ble meblarskim czy bran\u017cy zwi\u0105zanej z produkcj\u0105 element\u00f3w ma\u0142ej architektury. Ze wzgl\u0119du na posiadany park maszynowy jeste\u015bmy w stanie zrealizowa\u0107 wiele us\u0142ug zwi\u0105zanych z projektowaniem, modelowaniem 3D, obr\u00f3bk\u0105 CNC czy drukiem 3D.<\/p>\n\n\n\n<p><\/p>\n\n\n\n<p>Nasza firma wyr\u00f3\u017cnia si\u0119 tak\u017ce silnym naciskiem na innowacje. W ramach prac badawczo-rozwojowych (B+R) stworzyli\u015bmy nowatorskie rozwi\u0105zania technologiczne, kt\u00f3re zyska\u0142y uznanie w takich dziedzinach jak pakowanie owoc\u00f3w (nasz flagowy produkt <a href=\"https:\/\/www.emescom.pl\/site\/?page_id=344\">FruitBOT<\/a> wdro\u017cony na rynek w ramach prac <a href=\"https:\/\/www.emescom.pl\/site\/?page_id=1248\">B+R<\/a>) oraz rozw\u00f3j maszyn stosowanych w rolnictwie i przemy\u015ble. D\u0105\u017cymy do tego, aby nasze produkty i technologie nie tylko odpowiada\u0142y na aktualne potrzeby rynku, ale tak\u017ce wyprzedza\u0142y oczekiwania naszych klient\u00f3w, wprowadzaj\u0105c rozwi\u0105zania, kt\u00f3re znacz\u0105co podnosz\u0105 efektywno\u015b\u0107 i jako\u015b\u0107 pracy.<\/p>\n\n\n\n<p><\/p>\n\n\n\n<p>Przez ponad 20 lat dzia\u0142alno\u015bci zdobyli\u015bmy zaufanie wielu podmiot\u00f3w, zbudowali\u015bmy bardzo dobre stosunki partnerskie z instytutami badawczymi oraz firmami, z kt\u00f3rymi stale wsp\u00f3\u0142pracujemy. <\/p>\n\n\n\n<p><\/p>\n\n\n\n<p>Nasza firma to synonim solidno\u015bci, do\u015bwiadczenia i zaawansowanej technologii, a nasz zesp\u00f3\u0142 oraz partnerzy biznesowi to specjali\u015bci, kt\u00f3rzy z pasj\u0105 podchodz\u0105 do ka\u017cdego nowego wyzwania.<\/p>\n\n\n\n<p>Je\u015bli chcesz pozna\u0107 szczeg\u00f3\u0142owo nasz\u0105 ofert\u0119 zapraszamy do zak\u0142adki <a href=\"https:\/\/www.emescom.pl\/site\/\">Oferta<\/a> z g\u00f3rnego menu.<\/p>\n\n\n\n<p><strong>Jeste\u015bmy gotowi na kolejny etap w rozwoju, wci\u0105\u017c stawiaj\u0105c na jako\u015b\u0107, innowacyjno\u015b\u0107 i zadowolenie naszych klient\u00f3w.<\/strong><\/p>\n<\/div>\n\n\n\n<div class=\"wp-block-column is-layout-flow wp-block-column-is-layout-flow\"><div class=\"wp-block-image\">\n<figure class=\"alignright size-full\"><img loading=\"lazy\" decoding=\"async\" width=\"200\" height=\"22\" src=\"https:\/\/www.emescom.pl\/site\/wp-content\/uploads\/2024\/12\/logonowe.png\" alt=\"\" class=\"wp-image-27\"\/><\/figure><\/div>\n\n\n<p><\/p>\n\n\n\n<figure class=\"wp-block-image size-full\"><img loading=\"lazy\" decoding=\"async\" width=\"1024\" height=\"1024\" src=\"https:\/\/www.emescom.pl\/site\/wp-content\/uploads\/2025\/02\/1733680884858.png\" alt=\"\" class=\"wp-image-1396\" srcset=\"https:\/\/www.emescom.pl\/site\/wp-content\/uploads\/2025\/02\/1733680884858.png 1024w, https:\/\/www.emescom.pl\/site\/wp-content\/uploads\/2025\/02\/1733680884858-300x300.png 300w, https:\/\/www.emescom.pl\/site\/wp-content\/uploads\/2025\/02\/1733680884858-150x150.png 150w, https:\/\/www.emescom.pl\/site\/wp-content\/uploads\/2025\/02\/1733680884858-768x768.png 768w, https:\/\/www.emescom.pl\/site\/wp-content\/uploads\/2025\/02\/1733680884858-80x80.png 80w, https:\/\/www.emescom.pl\/site\/wp-content\/uploads\/2025\/02\/1733680884858-600x600.png 600w, https:\/\/www.emescom.pl\/site\/wp-content\/uploads\/2025\/02\/1733680884858-100x100.png 100w\" sizes=\"auto, (max-width: 1024px) 100vw, 1024px\" \/><\/figure>\n\n\n\n<p><\/p>\n\n\n\n<figure class=\"wp-block-image size-full\"><img loading=\"lazy\" decoding=\"async\" width=\"1024\" height=\"1024\" src=\"https:\/\/www.emescom.pl\/site\/wp-content\/uploads\/2025\/02\/1733681027086.png\" alt=\"\" class=\"wp-image-1399\" srcset=\"https:\/\/www.emescom.pl\/site\/wp-content\/uploads\/2025\/02\/1733681027086.png 1024w, https:\/\/www.emescom.pl\/site\/wp-content\/uploads\/2025\/02\/1733681027086-300x300.png 300w, https:\/\/www.emescom.pl\/site\/wp-content\/uploads\/2025\/02\/1733681027086-150x150.png 150w, https:\/\/www.emescom.pl\/site\/wp-content\/uploads\/2025\/02\/1733681027086-768x768.png 768w, https:\/\/www.emescom.pl\/site\/wp-content\/uploads\/2025\/02\/1733681027086-80x80.png 80w, https:\/\/www.emescom.pl\/site\/wp-content\/uploads\/2025\/02\/1733681027086-600x600.png 600w, https:\/\/www.emescom.pl\/site\/wp-content\/uploads\/2025\/02\/1733681027086-100x100.png 100w\" sizes=\"auto, (max-width: 1024px) 100vw, 1024px\" \/><\/figure>\n<\/div>\n<\/div>\n\n\n\n<p><\/p>\n\n\n\n<p><\/p>\n\n\n\n<div class=\"wp-block-group\" style=\"margin-bottom:var(--wp--preset--spacing--small)\"><div class=\"wp-block-group__inner-container is-layout-constrained wp-block-group-is-layout-constrained\">\n<h2 class=\"wp-block-heading has-text-align-center\"><script type=\"text\/javascript\">\r\ndocument.addEventListener(\"DOMContentLoaded\", function(event) { \r\n\tjQuery( '#slider-pro-3-162' ).sliderPro({\r\n\t\t\/\/width\r\n\t\t\t\twidth: 1200,\r\n\t\t\t\t\r\n\t\t\/\/height\r\n\t\t\t\theight: 360,\r\n\t\t\t\t\r\n\t\t\/\/auto play\r\n\t\t\t\tautoplay:  true,\r\n\t\tautoplayOnHover: 'none',\r\n\t\t\t\t\t\t\t\tautoplayDelay: 5000,\r\n\t\t\r\n\t\t\r\n\t\tarrows: true,\r\n\t\tbuttons: true,\r\n\t\tsmallSize: 500,\r\n\t\tmediumSize: 1000,\r\n\t\tlargeSize: 3000,\r\n\t\tfade: true,\r\n\t\t\r\n\t\t\/\/thumbnail\r\n\t\tthumbnailArrows: true,\r\n\t\tthumbnailWidth: 120,\r\n\t\tthumbnailHeight: 120,\r\n\t\t\t\t\t\tthumbnailsPosition: 'bottom',\r\n\t\t\t\t\t\tcenterImage: true,\r\n\t\timageScaleMode: 'cover',\r\n\t\tallowScaleUp: true,\r\n\t\t\t\tstartSlide: 0,\r\n\t\tloop: true,\r\n\t\tslideDistance: 5,\r\n\t\tautoplayDirection: 'normal',\r\n\t\ttouchSwipe: true,\r\n\t\tfullScreen: true,\r\n\t});\r\n});\r\n<\/script>\r\n\r\n\t\t<div id=\"slider-pro-3-162\" class=\"slider-pro\">\r\n\t\t\t<!---- slides div start ---->\r\n\t\t\t<div class=\"sp-slides\">\r\n\t\t\t\t\t\t\t\t\t\t<div class=\"sp-slide\">\r\n\t\t\t\t\t\t\t<img decoding=\"async\" class=\"sp-image\" loading=\"lazy\" alt=\"pakowarka\" src=\"https:\/\/www.emescom.pl\/site\/wp-content\/plugins\/ultimate-responsive-image-slider\/assets\/css\/images\/blank.gif\" data-src=\"https:\/\/www.emescom.pl\/site\/wp-content\/uploads\/2024\/12\/pakowarka.png\" \/>\r\n\r\n\t\t\t\t\t\t\t\r\n\t\t\t\t\t\t\t\t\t\t\t\t\t<\/div>\r\n\t\t\t\t\t\t\t\t\t\t\t\t<div class=\"sp-slide\">\r\n\t\t\t\t\t\t\t<img decoding=\"async\" class=\"sp-image\" loading=\"lazy\" alt=\"us\u0142ugi_slide\" src=\"https:\/\/www.emescom.pl\/site\/wp-content\/plugins\/ultimate-responsive-image-slider\/assets\/css\/images\/blank.gif\" data-src=\"https:\/\/www.emescom.pl\/site\/wp-content\/uploads\/2024\/12\/uslugi_slide.png\" \/>\r\n\r\n\t\t\t\t\t\t\t\r\n\t\t\t\t\t\t\t\t\t\t\t\t\t<\/div>\r\n\t\t\t\t\t\t\t\t\t\t\t\t<div class=\"sp-slide\">\r\n\t\t\t\t\t\t\t<img decoding=\"async\" class=\"sp-image\" loading=\"lazy\" alt=\"cad\" src=\"https:\/\/www.emescom.pl\/site\/wp-content\/plugins\/ultimate-responsive-image-slider\/assets\/css\/images\/blank.gif\" data-src=\"https:\/\/www.emescom.pl\/site\/wp-content\/uploads\/2024\/12\/cad-1.png\" \/>\r\n\r\n\t\t\t\t\t\t\t\r\n\t\t\t\t\t\t\t\t\t\t\t\t\t<\/div>\r\n\t\t\t\t\t\t\t\t\t<\/div>\r\n\t\t\t\r\n\t\t\t<!---- slides div end ---->\r\n\t\t\t\t\t\t<!-- slides thumbnails div end -->\r\n\t\t<\/div>\r\n\t\t<style>\r\n\/* Layout 3 *\/\r\n\/* border *\/\r\n#slider-pro-3-162 .sp-selected-thumbnail {\r\n\tborder: 4px solid #000000;\r\n}\r\n\r\n\/* font + color *\/\r\n.title-in  {\r\n\tfont-family: Arial !important;\r\n\tcolor: #FFFFFF !important;\r\n\tbackground-color: #000000 !important;\r\n\topacity: 0.7 !important;\r\n}\r\n.desc-in  {\r\n\tfont-family: Arial !important;\r\n\tcolor: #FFFFFF !important;\r\n\tbackground-color: #00000 !important;\r\n\topacity: 0.7 !important;\r\n}\r\n\r\n\/* bullets color *\/\r\n.sp-button  {\r\n\tborder: 2px solid #000000 !important;\r\n}\r\n.sp-selected-button  {\r\n\tbackground-color: #000000 !important;\r\n}\r\n\r\n\/* pointer color - bottom *\/\r\n.sp-selected-thumbnail::before {\r\n\tborder-bottom: 5px solid #000000 !important;\r\n}\r\n.sp-selected-thumbnail::after {\r\n\tborder-bottom: 13px solid #000000 !important;\r\n}\r\n\r\n\/* pointer color - top *\/\r\n\r\n\/* full screen icon *\/\r\n.sp-full-screen-button::before {\r\n    color: #FFFFFF !important;\r\n}\r\n\r\n\/* hover navigation icon color *\/\r\n.sp-next-arrow::after, .sp-next-arrow::before {\r\n\tbackground-color: #FFFFFF !important;\r\n}\r\n.sp-previous-arrow::after, .sp-previous-arrow::before {\r\n\tbackground-color: #FFFFFF !important;\r\n}\r\n\r\n#slider-pro-3-162 .title-in {\r\n\tcolor: #FFFFFF !important;\r\n\tfont-weight: bolder;\r\n\ttext-align: center;\r\n}\r\n\r\n#slider-pro-3-162 .title-in-bg {\r\n\tbackground: rgba(255, 255, 255, 0.7); !important;\r\n\twhite-space: unset !important;\r\n\ttransform: initial !important;\r\n\t-webkit-transform: initial !important;\r\n\tfont-size: 14px !important;\r\n}\r\n\r\n#slider-pro-3-162 .desc-in {\r\n\tcolor: #FFFFFF !important;\r\n\ttext-align: center;\r\n}\r\n#slider-pro-3-162 .desc-in-bg {\r\n\tbackground: rgba(#00000, 0.7) !important;\r\n\twhite-space: unset !important;\r\n\ttransform: initial !important;\r\n\t-webkit-transform: initial !important;\r\n\tfont-size: 13px !important;\r\n}\r\n\r\n@media (max-width: 640px) {\r\n\t#slider-pro-3-162 .hide-small-screen {\r\n\t\tdisplay: none;\r\n\t}\r\n}\r\n\r\n@media (max-width: 860px) {\r\n\t#slider-pro-3-162 .sp-layer {\r\n\t\tfont-size: 18px;\r\n\t}\r\n\t\r\n\t#slider-pro-3-162 .hide-medium-screen {\r\n\t\tdisplay: none;\r\n\t}\r\n}\r\n.slides-not-found {\r\n\tbackground-color: #a92929;\r\n\tborder-radius: 5px;\r\n\tcolor: #fff;\r\n\tfont-family: initial;\r\n\ttext-align: center;\r\n\tpadding:12px;\r\n}\r\n\/* Custom CSS *\/\r\n<\/style>\r\n<\/h2>\n\n\n\n<p class=\"has-text-align-center\"><\/p>\n<\/div><\/div>\n\n\n\n<div class=\"wp-block-columns cnvs-block-core-columns-1735650447277 is-layout-flex wp-container-core-columns-is-layout-2 wp-block-columns-is-layout-flex\">\n<div class=\"wp-block-column is-vertically-aligned-top is-layout-flow wp-block-column-is-layout-flow\"><div class=\"wp-block-image\">\n<figure class=\"aligncenter size-full\"><img loading=\"lazy\" decoding=\"async\" width=\"333\" height=\"200\" src=\"https:\/\/www.emescom.pl\/site\/wp-content\/uploads\/2024\/12\/EMESCOM-Stefan-Marczak-1.png\" alt=\"\" class=\"wp-image-428\" srcset=\"https:\/\/www.emescom.pl\/site\/wp-content\/uploads\/2024\/12\/EMESCOM-Stefan-Marczak-1.png 333w, https:\/\/www.emescom.pl\/site\/wp-content\/uploads\/2024\/12\/EMESCOM-Stefan-Marczak-1-300x180.png 300w\" sizes=\"auto, (max-width: 333px) 100vw, 333px\" \/><\/figure><\/div><\/div>\n\n\n\n<div class=\"wp-block-column is-vertically-aligned-top is-layout-flow wp-block-column-is-layout-flow\"><div class=\"wp-block-image\">\n<figure class=\"aligncenter size-full\"><img loading=\"lazy\" decoding=\"async\" width=\"333\" height=\"200\" src=\"https:\/\/www.emescom.pl\/site\/wp-content\/uploads\/2024\/12\/EMESCOM-Stefan-Marczak2-1.png\" alt=\"\" class=\"wp-image-429\" srcset=\"https:\/\/www.emescom.pl\/site\/wp-content\/uploads\/2024\/12\/EMESCOM-Stefan-Marczak2-1.png 333w, https:\/\/www.emescom.pl\/site\/wp-content\/uploads\/2024\/12\/EMESCOM-Stefan-Marczak2-1-300x180.png 300w\" sizes=\"auto, (max-width: 333px) 100vw, 333px\" \/><\/figure><\/div><\/div>\n\n\n\n<div class=\"wp-block-column is-vertically-aligned-top cnvs-block-core-column-1735650448438 is-layout-flow wp-block-column-is-layout-flow\"><div class=\"wp-block-image\">\n<figure class=\"aligncenter size-full\"><img loading=\"lazy\" decoding=\"async\" width=\"333\" height=\"200\" src=\"https:\/\/www.emescom.pl\/site\/wp-content\/uploads\/2024\/12\/EMESCOM-Stefan-Marczak3-1.png\" alt=\"\" class=\"wp-image-430\" srcset=\"https:\/\/www.emescom.pl\/site\/wp-content\/uploads\/2024\/12\/EMESCOM-Stefan-Marczak3-1.png 333w, https:\/\/www.emescom.pl\/site\/wp-content\/uploads\/2024\/12\/EMESCOM-Stefan-Marczak3-1-300x180.png 300w\" sizes=\"auto, (max-width: 333px) 100vw, 333px\" \/><\/figure><\/div><\/div>\n\n\n\n<div class=\"wp-block-column is-vertically-aligned-center is-layout-flow wp-block-column-is-layout-flow\">\n<p class=\"has-text-align-left\"><strong>\u00a9 2025 Stefan Marczak<\/strong><\/p>\n\n\n\n<p class=\"has-text-align-left\"><strong>Wszelkie Prawa Zastrze\u017cone<\/strong><\/p>\n\n\n\n<p class=\"has-text-align-left\"><strong>All Rights Reserved<\/strong><\/p>\n<\/div>\n<\/div>\n\n\n\n<p><\/p>\n","protected":false},"excerpt":{"rendered":"<p>O nas Emescom to firma z ponad 20-letnim do\u015bwiadczeniem, kt\u00f3ra od pocz\u0105tku swojej dzia\u0142alno\u015bci specjalizuje si\u0119 w dostarczaniu nowoczesnych us\u0142ug oraz produkt\u00f3w. Pocz\u0105tkowo us\u0142ugi dotyczy\u0142y g\u0142ownie implementacji infrastruktury teleinformatycznej i telekomunikacyjnej dla operator\u00f3w telefonii kom\u00f3rkowej (budowa sieci PDH, budowa stacji bazowych) oraz us\u0142ug programistycznych i serwisowych. W p\u00f3\u017aniejszym okresie utworzyli\u015bmy w\u0142asn\u0105 pracowni\u0119 projektowania i prototypowania &#8230; <a title=\"MAIN\" class=\"read-more\" href=\"https:\/\/www.emescom.pl\/site\/?p=162\" aria-label=\"Dowiedz si\u0119 wi\u0119cej o MAIN\">Dowiedz si\u0119 wi\u0119cej<\/a><\/p>\n","protected":false},"author":1,"featured_media":0,"parent":0,"menu_order":0,"comment_status":"closed","ping_status":"closed","template":"","meta":{"_monsterinsights_skip_tracking":false,"_monsterinsights_sitenote_active":false,"_monsterinsights_sitenote_note":"","_monsterinsights_sitenote_category":0,"_uf_show_specific_survey":0,"_uf_disable_surveys":false,"footnotes":""},"class_list":["post-59","page","type-page","status-publish","hentry"],"aioseo_notices":[],"_links":{"self":[{"href":"https:\/\/www.emescom.pl\/site\/index.php?rest_route=\/wp\/v2\/pages\/59","targetHints":{"allow":["GET"]}}],"collection":[{"href":"https:\/\/www.emescom.pl\/site\/index.php?rest_route=\/wp\/v2\/pages"}],"about":[{"href":"https:\/\/www.emescom.pl\/site\/index.php?rest_route=\/wp\/v2\/types\/page"}],"author":[{"embeddable":true,"href":"https:\/\/www.emescom.pl\/site\/index.php?rest_route=\/wp\/v2\/users\/1"}],"replies":[{"embeddable":true,"href":"https:\/\/www.emescom.pl\/site\/index.php?rest_route=%2Fwp%2Fv2%2Fcomments&post=59"}],"version-history":[{"count":34,"href":"https:\/\/www.emescom.pl\/site\/index.php?rest_route=\/wp\/v2\/pages\/59\/revisions"}],"predecessor-version":[{"id":1631,"href":"https:\/\/www.emescom.pl\/site\/index.php?rest_route=\/wp\/v2\/pages\/59\/revisions\/1631"}],"wp:attachment":[{"href":"https:\/\/www.emescom.pl\/site\/index.php?rest_route=%2Fwp%2Fv2%2Fmedia&parent=59"}],"curies":[{"name":"wp","href":"https:\/\/api.w.org\/{rel}","templated":true}]}}