{"id":1676,"date":"2025-03-11T15:06:03","date_gmt":"2025-03-11T15:06:03","guid":{"rendered":"https:\/\/www.emescom.pl\/site\/?post_type=product&#038;p=1676"},"modified":"2025-03-21T15:39:11","modified_gmt":"2025-03-21T15:39:11","slug":"balustrada-sr_14vr8","status":"publish","type":"product","link":"https:\/\/www.emescom.pl\/site\/?product=balustrada-sr_14vr8","title":{"rendered":"Balustrada SR_14VR8"},"content":{"rendered":"<p><strong>Balustrada na wymiar !<\/strong><\/p>\n<p>Balustrada wykonana ze stali ci\u0119tej laserem.\u00a0Mo\u017cliwo\u015b\u0107 doboru kolorystyki zgodnie z palet\u0105 RAL pozwala na pe\u0142ne dopasowanie do indywidualnych potrzeb i aran\u017cacji wn\u0119trza.<\/p>\n<p><strong>Model: SR_14VR8<br \/>\n<\/strong><\/p>\n<hr \/>\n<p><strong>Konstrukcja:<\/strong><\/p>\n<p>materia\u0142:\u00a0 stal w\u0119glowa<\/p>\n<p>wyko\u0144czenie: <em>malowanie proszkowe na dowolny kolor RAL<\/em><\/p>\n<p>&nbsp;<\/p>\n<hr \/>\n<p><strong>Realizacja:<\/strong><\/p>\n<p>Etapy realizacji:\u00a0<em>\u00a0<\/em><\/p>\n<ul>\n<li><em>koncepcja<\/em><\/li>\n<li><em>projekt<\/em><\/li>\n<li><em>wizualizacja 3D (opcjonalnie)<\/em><\/li>\n<li><em>produkcja<br \/>\n<\/em><\/li>\n<li><em>monta\u017c (opcjonalnie)<\/em><\/li>\n<\/ul>\n<p>Czas realizacji:\u00a0<em>\u00a0prosimy o kontakt<\/em><\/p>\n<hr \/>\n<p><strong>Wycena:\u00a0<\/strong><\/p>\n<p>Je\u015bli chcesz aby\u015bmy wycenili produkt dla Ciebie\u00a0 &#8211; skontaktuj si\u0119 z nami za pomoc\u0105 formularza kontaktowego znajduj\u0105cego sie <a href=\"https:\/\/www.emescom.pl\/site\/?page_id=60\">tutaj<\/a><\/p>\n","protected":false},"excerpt":{"rendered":"<p>Balustrada na wymiar ! Balustrada wykonana ze stali ci\u0119tej laserem.\u00a0Mo\u017cliwo\u015b\u0107 doboru kolorystyki zgodnie z palet\u0105 RAL pozwala na pe\u0142ne dopasowanie do indywidualnych potrzeb i aran\u017cacji wn\u0119trza. Model: SR_14VR8 Konstrukcja: materia\u0142:\u00a0 stal w\u0119glowa wyko\u0144czenie: malowanie proszkowe na dowolny kolor RAL &nbsp; Realizacja: Etapy realizacji:\u00a0\u00a0 koncepcja projekt wizualizacja 3D (opcjonalnie) produkcja monta\u017c (opcjonalnie) Czas realizacji:\u00a0\u00a0prosimy o kontakt &#8230; <a title=\"Balustrada SR_14VR8\" class=\"read-more\" href=\"https:\/\/www.emescom.pl\/site\/?product=balustrada-sr_14vr8\" aria-label=\"Dowiedz si\u0119 wi\u0119cej o Balustrada SR_14VR8\">Dowiedz si\u0119 wi\u0119cej<\/a><\/p>\n","protected":false},"featured_media":1704,"template":"","meta":{"_monsterinsights_skip_tracking":false,"_monsterinsights_sitenote_active":false,"_monsterinsights_sitenote_note":"","_monsterinsights_sitenote_category":0,"_uf_show_specific_survey":0,"_uf_disable_surveys":false},"product_brand":[],"product_cat":[41],"product_tag":[42,44,43],"class_list":{"0":"post-1676","1":"product","2":"type-product","3":"status-publish","4":"has-post-thumbnail","6":"product_cat-balustrady","7":"product_tag-balustrady","8":"product_tag-balustrady-na-wymiar","9":"product_tag-balustrady-schodow","11":"first","12":"onbackorder","13":"taxable","14":"shipping-taxable","15":"product-type-simple"},"aioseo_notices":[],"_links":{"self":[{"href":"https:\/\/www.emescom.pl\/site\/index.php?rest_route=\/wp\/v2\/product\/1676","targetHints":{"allow":["GET"]}}],"collection":[{"href":"https:\/\/www.emescom.pl\/site\/index.php?rest_route=\/wp\/v2\/product"}],"about":[{"href":"https:\/\/www.emescom.pl\/site\/index.php?rest_route=\/wp\/v2\/types\/product"}],"wp:featuredmedia":[{"embeddable":true,"href":"https:\/\/www.emescom.pl\/site\/index.php?rest_route=\/wp\/v2\/media\/1704"}],"wp:attachment":[{"href":"https:\/\/www.emescom.pl\/site\/index.php?rest_route=%2Fwp%2Fv2%2Fmedia&parent=1676"}],"wp:term":[{"taxonomy":"product_brand","embeddable":true,"href":"https:\/\/www.emescom.pl\/site\/index.php?rest_route=%2Fwp%2Fv2%2Fproduct_brand&post=1676"},{"taxonomy":"product_cat","embeddable":true,"href":"https:\/\/www.emescom.pl\/site\/index.php?rest_route=%2Fwp%2Fv2%2Fproduct_cat&post=1676"},{"taxonomy":"product_tag","embeddable":true,"href":"https:\/\/www.emescom.pl\/site\/index.php?rest_route=%2Fwp%2Fv2%2Fproduct_tag&post=1676"}],"curies":[{"name":"wp","href":"https:\/\/api.w.org\/{rel}","templated":true}]}}