{"id":1928,"date":"2025-03-28T18:19:49","date_gmt":"2025-03-28T18:19:49","guid":{"rendered":"https:\/\/www.emescom.pl\/site\/?post_type=product&#038;p=1928"},"modified":"2025-03-28T18:21:05","modified_gmt":"2025-03-28T18:21:05","slug":"donica-singlebox-70","status":"publish","type":"product","link":"https:\/\/www.emescom.pl\/site\/?product=donica-singlebox-70","title":{"rendered":"Donica SINGLEBOX 70"},"content":{"rendered":"<p><strong>Model: <span style=\"color: #ab2849;\">SINGLEBOX 70<\/span><\/strong><\/p>\n<hr \/>\n<p><strong>Konstrukcja:<\/strong><\/p>\n<p><span style=\"color: #808080;\">materia\u0142:\u00a0<\/span> Stal<\/p>\n<p><span style=\"color: #808080;\">wyko\u0144czenie:<\/span> <em>malowanie proszkowe na dowolny kolor RAL<\/em><\/p>\n<p><span style=\"color: #999999;\">wymiary: <span style=\"color: #333333;\">40cm x 40 cm x 70 cm\u00a0\u00a0 (d\u0142ugo\u015b\u0107\u00a0 x szeroko\u015b\u0107 x wysoko\u015b\u0107)<\/span><\/span><\/p>\n<hr \/>\n<p><strong>Wype\u0142nienie:<\/strong><\/p>\n<p><span style=\"color: #808080;\">materia\u0142:<\/span>\u00a0<em> drewno<\/em><\/p>\n<p><span style=\"color: #808080;\">wyko\u0144czenie:<\/span> <em>lakier, olej<\/em><\/p>\n<hr \/>\n<p><strong>Realizacja:<\/strong><\/p>\n<p>Etapy realizacji:\u00a0<em>\u00a0<\/em><\/p>\n<ul>\n<li><em>koncepcja<\/em><\/li>\n<li><em>projekt<\/em><\/li>\n<li><em>wizualizacja 3D (opcjonalnie)<\/em><\/li>\n<li><em>produkcja <\/em><\/li>\n<\/ul>\n<p>Czas realizacji:\u00a0<em>\u00a0prosimy o kontakt<\/em><\/p>\n<hr \/>\n<p><strong>Wycena:\u00a0<\/strong><\/p>\n<p>Je\u015bli chcesz aby\u015bmy wycenili produkt dla Ciebie\u00a0 &#8211; skontaktuj si\u0119 z nami za pomoc\u0105 formularza kontaktowego znajduj\u0105cego sie <a href=\"https:\/\/www.emescom.pl\/site\/?page_id=60\">tutaj<\/a><\/p>\n<p>&nbsp;<\/p>\n","protected":false},"excerpt":{"rendered":"<p>Nowoczesne donice ze stali ci\u0119tej laserem<\/p>\n","protected":false},"featured_media":1925,"template":"","meta":{"_monsterinsights_skip_tracking":false,"_monsterinsights_sitenote_active":false,"_monsterinsights_sitenote_note":"","_monsterinsights_sitenote_category":0,"_uf_show_specific_survey":0,"_uf_disable_surveys":false},"product_brand":[],"product_cat":[53],"product_tag":[60,59],"class_list":{"0":"post-1928","1":"product","2":"type-product","3":"status-publish","4":"has-post-thumbnail","6":"product_cat-donice","7":"product_tag-stol-stalowy","8":"product_tag-stoly-loft","10":"first","11":"onbackorder","12":"taxable","13":"shipping-taxable","14":"product-type-simple"},"aioseo_notices":[],"_links":{"self":[{"href":"https:\/\/www.emescom.pl\/site\/index.php?rest_route=\/wp\/v2\/product\/1928","targetHints":{"allow":["GET"]}}],"collection":[{"href":"https:\/\/www.emescom.pl\/site\/index.php?rest_route=\/wp\/v2\/product"}],"about":[{"href":"https:\/\/www.emescom.pl\/site\/index.php?rest_route=\/wp\/v2\/types\/product"}],"wp:featuredmedia":[{"embeddable":true,"href":"https:\/\/www.emescom.pl\/site\/index.php?rest_route=\/wp\/v2\/media\/1925"}],"wp:attachment":[{"href":"https:\/\/www.emescom.pl\/site\/index.php?rest_route=%2Fwp%2Fv2%2Fmedia&parent=1928"}],"wp:term":[{"taxonomy":"product_brand","embeddable":true,"href":"https:\/\/www.emescom.pl\/site\/index.php?rest_route=%2Fwp%2Fv2%2Fproduct_brand&post=1928"},{"taxonomy":"product_cat","embeddable":true,"href":"https:\/\/www.emescom.pl\/site\/index.php?rest_route=%2Fwp%2Fv2%2Fproduct_cat&post=1928"},{"taxonomy":"product_tag","embeddable":true,"href":"https:\/\/www.emescom.pl\/site\/index.php?rest_route=%2Fwp%2Fv2%2Fproduct_tag&post=1928"}],"curies":[{"name":"wp","href":"https:\/\/api.w.org\/{rel}","templated":true}]}}