{"id":745,"date":"2025-01-04T18:13:54","date_gmt":"2025-01-04T18:13:54","guid":{"rendered":"https:\/\/www.emescom.pl\/site\/?post_type=product&#038;p=745"},"modified":"2025-02-28T13:55:00","modified_gmt":"2025-02-28T13:55:00","slug":"schody-z-blachy-stalowej-pb_2z_l5_pw-stones","status":"publish","type":"product","link":"https:\/\/www.emescom.pl\/site\/?product=schody-z-blachy-stalowej-pb_2z_l5_pw-stones","title":{"rendered":"Cantus PB_2Z_L5_PW.Stones"},"content":{"rendered":"<p><strong><span style=\"color: #ab2849;\">Schody na wymiar !<\/span><\/strong><\/p>\n<p>Schody wykonane z blachy stalowej ci\u0119tej laserem. Stopnie wykonane z wysokiej jako\u015bci drewna d\u0119bowego lub bukowego, co gwarantuje elegancki wygl\u0105d i naturaln\u0105 tekstur\u0119.<\/p>\n<p>Dodatkowa mo\u017cliwo\u015b\u0107 doboru kolorystyki zgodnie z palet\u0105 RAL pozwala na pe\u0142ne dopasowanie do indywidualnych potrzeb i aran\u017cacji wn\u0119trza.<\/p>\n<p>Prezentowane schody \u0142\u0105cz\u0105 funkcjonalno\u015b\u0107 z estetyk\u0105, stanowi\u0105c doskona\u0142y element wyposa\u017cenia nowoczesnych przestrzeni.<\/p>\n<p>&nbsp;<\/p>\n<p><strong>Model: <span style=\"color: #ab2849;\">PB_2Z_L5_PW.Stones<\/span><\/strong><\/p>\n<hr \/>\n<p><strong>Konstrukcja:<\/strong><\/p>\n<p><span style=\"color: #808080;\">materia\u0142:\u00a0<\/span> policzki z blachy stalowej<\/p>\n<p><span style=\"color: #808080;\">wyko\u0144czenie:<\/span> <em>malowanie proszkowe na dowolny kolor RAL<\/em><\/p>\n<hr \/>\n<p><strong>Stopnie:<\/strong><\/p>\n<p><span style=\"color: #808080;\">materia\u0142:<\/span> <em>d\u0105b, buk<\/em><\/p>\n<p><span style=\"color: #808080;\">wyko\u0144czenie:<\/span> <em>lakier<\/em><\/p>\n<hr \/>\n<p><strong>Rodzaje wykonania bieg\u00f3w:<\/strong><\/p>\n<ul>\n<li>Jednobiegowe\u00a0<strong>I\u00a0<\/strong><\/li>\n<li>Dwubiegowe \u0142amane ze spocznikiem\u00a0<strong>L\u00a0<\/strong><\/li>\n<li>Dwubiegowe zwyk\u0142e ze spocznikiem\u00a0<strong>U\u00a0<\/strong><\/li>\n<li>Dwubiegowe \u0142amane zabiegowe\u00a0<strong>LZ\u00a0<\/strong><\/li>\n<li>Dwubiegowe zwyk\u0142e zabiegowe\u00a0<strong>UZ\u00a0<\/strong><\/li>\n<\/ul>\n<p><em><img loading=\"lazy\" decoding=\"async\" class=\"alignnone wp-image-874 size-full\" src=\"https:\/\/www.emescom.pl\/site\/wp-content\/uploads\/2025\/01\/typybiegow.jpg\" alt=\"\" width=\"800\" height=\"115\" srcset=\"https:\/\/www.emescom.pl\/site\/wp-content\/uploads\/2025\/01\/typybiegow.jpg 800w, https:\/\/www.emescom.pl\/site\/wp-content\/uploads\/2025\/01\/typybiegow-300x43.jpg 300w, https:\/\/www.emescom.pl\/site\/wp-content\/uploads\/2025\/01\/typybiegow-768x110.jpg 768w, https:\/\/www.emescom.pl\/site\/wp-content\/uploads\/2025\/01\/typybiegow-600x86.jpg 600w\" sizes=\"auto, (max-width: 800px) 100vw, 800px\" \/><\/em><\/p>\n<hr \/>\n<p><strong>Realizacja:<\/strong><\/p>\n<p>Etapy realizacji:\u00a0<em>\u00a0<\/em><\/p>\n<ul>\n<li><em>koncepcja<\/em><\/li>\n<li><em>projekt<\/em><\/li>\n<li><em>wizualizacja 3D (opcjonalnie)<\/em><\/li>\n<li><em>produkcja konstrukcji i stopni\u00a0 (istnieje mo\u017cliwo\u015b\u0107 zam\u00f3wienia tylko element\u00f3w konstrukcyjnych bez stopni)<\/em><\/li>\n<li><em>monta\u017c (opcjonalnie)<\/em><\/li>\n<\/ul>\n<p>Czas realizacji:\u00a0<em>\u00a0prosimy o kontakt<\/em><\/p>\n<hr \/>\n<p><strong>Wycena:\u00a0<\/strong><\/p>\n<p>Je\u015bli chcesz aby\u015bmy wycenili schody dla Ciebie :<\/p>\n<ol>\n<li>\u015aci\u0105gnij instrukcj\u0119 pomiar\u00f3w schod\u00f3w znajduj\u0105c\u0105 si\u0119 \u00a0<a href=\"https:\/\/www.emescom.pl\/site\/?product=schody-stalowe-p120x120_s120b&amp;attachment_id=704&amp;download_file=u08igiqp2lzmx\">tutaj<\/a>\u00a0lub w zak\u0142adce\u00a0<strong>Za\u0142\u0105czniki<\/strong>\u00a0(zwr\u00f3\u0107 uwag\u0119 na w\u0142a\u015bciwy rodzaj bieg\u00f3w schod\u00f3w )<\/li>\n<li>Wykonaj pomiary zgodnie z opisem znajduj\u0105cym si\u0119 w instrukcji<\/li>\n<li>Prze\u015blij zmierzone warto\u015bci za pomoc\u0105 formularza kontaktowego znajduj\u0105cego sie <a href=\"https:\/\/www.emescom.pl\/site\/?page_id=60\">tutaj<\/a><\/li>\n<\/ol>\n<p><strong>Uwaga ! <\/strong>W formularzu podaj nast\u0119puj\u0105ce informacje: model schod\u00f3w, rodzaj biegu oraz list\u0119 parametr\u00f3w z instrukcji z pomierzonymi warto\u015bciami np: ( X=3000 , Y=2500, F=50, &#8230; itp.)<\/p>\n","protected":false},"excerpt":{"rendered":"<p>Nowoczesne schody z blachy stalowej ci\u0119tej laserem<\/p>\n","protected":false},"featured_media":748,"template":"","meta":{"_monsterinsights_skip_tracking":false,"_monsterinsights_sitenote_active":false,"_monsterinsights_sitenote_note":"","_monsterinsights_sitenote_category":0,"_uf_show_specific_survey":0,"_uf_disable_surveys":false},"product_brand":[],"product_cat":[33,29,32],"product_tag":[30,31],"class_list":{"0":"post-745","1":"product","2":"type-product","3":"status-publish","4":"has-post-thumbnail","6":"product_cat-cantus","7":"product_cat-schody","8":"product_cat-schody-na-wymiar","9":"product_tag-schody","10":"product_tag-schody-stalowe","12":"first","13":"onbackorder","14":"taxable","15":"shipping-taxable","16":"product-type-simple"},"aioseo_notices":[],"_links":{"self":[{"href":"https:\/\/www.emescom.pl\/site\/index.php?rest_route=\/wp\/v2\/product\/745","targetHints":{"allow":["GET"]}}],"collection":[{"href":"https:\/\/www.emescom.pl\/site\/index.php?rest_route=\/wp\/v2\/product"}],"about":[{"href":"https:\/\/www.emescom.pl\/site\/index.php?rest_route=\/wp\/v2\/types\/product"}],"wp:featuredmedia":[{"embeddable":true,"href":"https:\/\/www.emescom.pl\/site\/index.php?rest_route=\/wp\/v2\/media\/748"}],"wp:attachment":[{"href":"https:\/\/www.emescom.pl\/site\/index.php?rest_route=%2Fwp%2Fv2%2Fmedia&parent=745"}],"wp:term":[{"taxonomy":"product_brand","embeddable":true,"href":"https:\/\/www.emescom.pl\/site\/index.php?rest_route=%2Fwp%2Fv2%2Fproduct_brand&post=745"},{"taxonomy":"product_cat","embeddable":true,"href":"https:\/\/www.emescom.pl\/site\/index.php?rest_route=%2Fwp%2Fv2%2Fproduct_cat&post=745"},{"taxonomy":"product_tag","embeddable":true,"href":"https:\/\/www.emescom.pl\/site\/index.php?rest_route=%2Fwp%2Fv2%2Fproduct_tag&post=745"}],"curies":[{"name":"wp","href":"https:\/\/api.w.org\/{rel}","templated":true}]}}